{"id":98,"date":"2021-03-08T17:14:42","date_gmt":"2021-03-08T16:14:42","guid":{"rendered":"http:\/\/saeckingen-sport.de\/?page_id=98"},"modified":"2024-02-27T11:55:33","modified_gmt":"2024-02-27T10:55:33","slug":"sportausschuss-bad-saeckingen","status":"publish","type":"page","link":"https:\/\/saeckingen-sport.de\/?page_id=98","title":{"rendered":"Sportausschuss Bad S\u00e4ckingen"},"content":{"rendered":"\r\n<p style=\"font-size: 50px;\"><strong>Mitgliederliste<\/strong><\/p>\r\n\r\n\r\n\r\n<p style=\"font-size: 40px;\"><strong>Vereine und Schulen in Bad S\u00e4ckingen<\/strong><\/p>\r\n\r\n\r\n\r\n<p class=\"has-large-font-size\">Stand vom: 27.02.2024<\/p>\r\n\r\n\r\n\r\n<p><a href=\"https:\/\/saeckingen-sport.de\/wp-content\/uploads\/2024\/02\/2024-02-27-Sportausschuss-Mitgliederverzeichnis.pdf\" target=\"_blank\" rel=\"noreferrer noopener\" data-type=\"URL\" data-id=\"https:\/\/saeckingen-sport.de\/wp-content\/uploads\/2021\/10\/2021-03-10_sportausschuss_mitgliederverzeichnis.pdf\">als pdf-Datei zum Download<\/a><\/p>\r\n\r\n\r\n\r\n<p class=\"has-normal-font-size\"><strong>Kontaktperson beim<br \/>Sportausschuss Bad S\u00e4ckingen e.V.<\/strong><br \/>Felix Karl Kromer<br \/>Lindenmatten 17<br \/>79713 Bad S\u00e4ckingen<br \/>Telefon: +49 7761 1739<br \/>Mobil: +49 171 573 27 17<br \/><a href=\"mailto:felix.kromer@saeckingen-sport.de\" target=\"_blank\" rel=\"noreferrer noopener\">felix.kromer@saeckingen-sport.de<\/a><br \/>Web: <a href=\"http:\/\/www.saeckingen-sport.de\" target=\"_blank\" rel=\"noreferrer noopener\">www.saeckingen-sport.de<\/a><\/p>\r\n\r\n\r\n\r\n<p class=\"has-text-align-left\"><strong>Anton-Leo Grundschule<\/strong><br \/>Schulhausstra\u00dfe 1<br \/>79713 Bad S\u00e4ckingen<br \/>Telefon: +4977612263<br \/><a href=\"http:\/\/www.anton-leo-schule.de\" target=\"_blank\" rel=\"noreferrer noopener\">http:\/\/www.anton-leo-schule.de<\/a><br \/><a href=\"mailto:info@anton-leo-schule.de\" target=\"_blank\" rel=\"noreferrer noopener\">info@anton-leo-schule.de<\/a><\/p>\r\n\r\n\r\n\r\n<p class=\"has-text-align-left\"><br \/><strong>Automobilclub Bad S\u00e4ckingen<\/strong><br \/>Gustav Albiez<br \/>H\u00fcssystra\u00dfe 9<br \/>79730 Murg<br \/>Telefon: +4977633992<br \/><a href=\"http:\/\/www.ac-bad-saeckingen.de\" target=\"_blank\" rel=\"noreferrer noopener\">www.ac-bad-saeckingen.de<\/a><br \/><a href=\"mailto:info1@ac-bad-saeckingen.de\" target=\"_blank\" rel=\"noreferrer noopener\">info1@ac-bad-saeckingen.de<\/a><\/p>\r\n\r\n\r\n\r\n<p class=\"has-text-align-left\"><br \/><strong>Bob- und Rodelclub Hochrhein<\/strong><br \/>Thomas Kaiser<br \/>Im D\u00f6rfle 17<br \/>79664 Wehr<br \/>Telefon: +4977627669<br \/><a href=\"mailto:R.Betzing@WEB.de\" target=\"_blank\" rel=\"noreferrer noopener\">R.Betzing@WEB.de<\/a><\/p>\r\n\r\n\r\n\r\n<p class=\"has-text-align-left\"><br \/><strong>Deutscher Alpenverein Sektion Hochrhein<\/strong><br \/>Postfach 1319<br \/>79704 Bad S\u00e4ckingen<br \/>Telefon: +497741671139<br \/><a href=\"http:\/\/www.dav-hochrhein.de\" target=\"_blank\" rel=\"noreferrer noopener\">www.dav-hochrhein.de<\/a><br \/><a href=\"mailto:info@dav-hochrhein.de\" target=\"_blank\" rel=\"noreferrer noopener\">info@dav-hochrhein.de<\/a><\/p>\r\n\r\n\r\n\r\n<p class=\"has-text-align-left\"><br \/><strong>DITIB T\u00fcrkisch Islamische Gemeinde zu Bad S\u00e4ckingen e.V.<\/strong><br \/>G\u00fcterstra\u00dfe 8<br \/>79713 Bad S\u00e4ckingen<br \/>Telefon: +4977611299<br \/><a href=\"mailto:oguz.islam@hotmail.de\" target=\"_blank\" rel=\"noreferrer noopener\">oguz.islam@hotmail.de<\/a><\/p>\r\n\r\n\r\n\r\n<p class=\"has-text-align-left\"><br \/><strong>DJK Handball Bad S\u00e4ckingen<\/strong><br \/>Postfach 1027<br \/>79704 Bad S\u00e4ckingen<br \/>Telefon: +497761556675<br \/><a href=\"http:\/\/www.handball-in-bad-saeckingen.de\" target=\"_blank\" rel=\"noreferrer noopener\">www.handball-in-bad-saeckingen.de<\/a><br \/><a href=\"mailto:wolfgang.von.sperl@handball-in-badsaeckingen.de\" target=\"_blank\" rel=\"noreferrer noopener\">wolfgang.von.sperl@handball-in-badsaeckingen.de<\/a><\/p>\r\n\r\n\r\n\r\n<p class=\"has-text-align-left\"><br \/><strong>DLRG Bad S\u00e4ckingen e.V.<\/strong><br \/>Simon B\u00fcdel<br \/>Postfach 1502<br \/>79706 Bad S\u00e4ckingen<br \/><a href=\"http:\/\/www.bad-saeckingen.dlrg.de\" target=\"_blank\" rel=\"noreferrer noopener\">www.bad-saeckingen.dlrg.de<\/a><br \/><a href=\"mailto:info@bad-saeckingen.dlrg.de\" target=\"_blank\" rel=\"noreferrer noopener\">info@bad-saeckingen.dlrg.de<\/a><\/p>\r\n\r\n\r\n\r\n<p>&nbsp;<\/p>\r\n<p class=\"has-text-align-left\"><strong>FC 08 Bad S\u00e4ckingen<\/strong><br \/>Hanspeter Joos<br \/>Lorenz Wenk Weg 20<br \/>79713 Bad S\u00e4ckingen<br \/>Telefon: +4977614188<br \/><a href=\"http:\/\/www.fc08-bad-saeckingen.de\" target=\"_blank\" rel=\"noreferrer noopener\">www.fc08-bad-saeckingen.de<\/a><br \/><a href=\"mailto:hp.joos@fc08-bad-saeckingen.de\" target=\"_blank\" rel=\"noreferrer noopener\">hp.joos@fc08-bad-saeckingen.de<\/a><\/p>\r\n\r\n\r\n\r\n<p class=\"has-text-align-left\"><br \/><strong>FC 08 Bad S\u00e4ckingen, Abt. Tischtennis<\/strong><br \/>Mark Baumgartner<br \/>Moosstrasse 41<br \/>79713 Bad S\u00e4ckingen<br \/>Telefon: +4977634016<br \/><a href=\"http:\/\/www.fc08-tischtennis-bs.de\/\" target=\"_blank\" rel=\"noreferrer noopener\">http:\/\/www.fc08-tischtennis-bs.de\/<\/a><br \/><a href=\"mailto:markbaumgartner41@googlemail.com\" target=\"_blank\" rel=\"noreferrer noopener\">markbaumgartner41@googlemail.com<\/a><\/p>\r\n\r\n\r\n\r\n<p>&nbsp;<\/p>\r\n\r\n\r\n\r\n<p>&nbsp;<\/p>\r\n\r\n\r\n\r\n<p><strong>FC Wallbach<\/strong><br \/>Andreas Weber<br \/>Gartenstr. 18<br \/>79713 Bad S\u00e4ckingen-Wallbach<br \/><a href=\"http:\/\/www.fcwallbach.de\" target=\"_blank\" rel=\"noreferrer noopener\">www.fcwallbach.de<\/a><br \/><a href=\"andi.weber85@googlemail.com\" target=\"_blank\" rel=\"noreferrer noopener\">info@fcwallbach.de<\/a><\/p>\r\n\r\n\r\n\r\n<p><br \/><strong>Freiwillige Feuerwehr, Sportgruppe<\/strong><br \/>Heinrich &#8211; H\u00fcbsch &#8211; Stra\u00dfe 26<br \/>79713 Bad S\u00e4ckingen<br \/>Telefon: +4977617777<br \/><a href=\"http:\/\/www.fwbs.de\" target=\"_blank\" rel=\"noreferrer noopener\">www.fwbs.de<\/a><br \/><a href=\"mailto:info@fwbs.de\" target=\"_blank\" rel=\"noreferrer noopener\">info@fwbs.de<\/a><\/p>\r\n\r\n\r\n\r\n<p><br \/><strong>Grundschule Obers\u00e4ckingen<\/strong><br \/>Heinrich H\u00fcbsch Stra\u00dfe 10<br \/>79713 Bad S\u00e4ckingen<br \/>Telefon: +4977612831<br \/><a href=\"mailto:grundschule-osaeck@bad-saeckingen.de\" target=\"_blank\" rel=\"noreferrer noopener\">grundschule-osaeck@bad-saeckingen.de<\/a><\/p>\r\n\r\n\r\n\r\n<p><br \/><strong>Grundschule Wallbach<\/strong><br \/>Hauptstra\u00dfe 67<br \/>79713 Bad S\u00e4ckingen<br \/>Telefon: +4977611513<br \/><a href=\"https:\/\/gswallbach.de\/\" target=\"_blank\" rel=\"noreferrer noopener\">www.gswallbach.de<\/a><br \/><a href=\"mailto:poststelle@04154155.schule.bwl.de\" target=\"_blank\" rel=\"noreferrer noopener\">poststelle@04154155.schule.bwl.de<\/a><\/p>\r\n\r\n\r\n\r\n<p><br \/><strong>Hans-Thoma-Gemeinschaftsschule<\/strong><br \/>Z\u00e4hringer Stra\u00dfe 30<br \/>79713 Bad S\u00e4ckingen<br \/>Telefon: +4977612387<br \/><a href=\"https:\/\/www.hans-thoma-schule.org\/\" target=\"_blank\" rel=\"noreferrer noopener\" data-type=\"URL\" data-id=\"https:\/\/www.hans-thoma-schule.org\/\">https:\/\/www.hans-thoma-schule.org\/<\/a><br \/><a href=\"mailto:sekretariat@hts-bs.org\" target=\"_blank\" rel=\"noreferrer noopener\">sekretariat@hts-bs.org<\/a><\/p>\r\n\r\n\r\n\r\n<p><br \/><strong>Hochrhein-Paddler e.V.<\/strong><br \/>J\u00f6rg Kaltenbacher<br \/>Auplatz 5<br \/>79713 Bad S\u00e4ckingen<br \/>Telefon: +4977614061<br \/><a href=\"http:\/\/www.hochrhein-paddler.de\" target=\"_blank\" rel=\"noreferrer noopener\">www.hochrhein-paddler.de<\/a><br \/><a href=\"mailto:vorstand@hochrhein-paddler.de\" target=\"_blank\" rel=\"noreferrer noopener\">vorstand@hochrhein-paddler.de<\/a><\/p>\r\n\r\n\r\n\r\n<p><br \/><strong>Judo Club Kawaishi Bad S\u00e4ckingen<\/strong><br \/>Jessica Weber<br \/>Trott\u00e4cker 2<br \/>79730 Murg-Niederhof<br \/><a href=\"http:\/\/www.judoclub-bad-saeckingen.de\" target=\"_blank\" rel=\"noreferrer noopener\">www.judoclub-bad-saeckingen.de<\/a><br \/><a href=\"mailto:info@judoclub-bad-saeckingen.de\" target=\"_blank\" rel=\"noreferrer noopener\">info@judoclub-bad-saeckingen.de<\/a><\/p>\r\n\r\n\r\n\r\n<p><br \/><strong>Karateschule Bad S\u00e4ckingen<\/strong><br \/>Robert Apfelbeck<br \/>Schlesierstra\u00dfe 1<br \/>79713 Bad S\u00e4ckingen<br \/>Telefon: +49776195586<br \/><a href=\"http:\/\/www.karate-bs.de\/\" target=\"_blank\" rel=\"noreferrer noopener\">http:\/\/www.karate-bs.de\/<\/a><br \/><a href=\"mailto:info@karate-bs.de\" target=\"_blank\" rel=\"noreferrer noopener\">info@karate-bs.de<\/a><\/p>\r\n\r\n\r\n\r\n<p><br \/><strong>Kinder- und Jugendhaus<\/strong><br \/>Peter Knorre<br \/>Fischergasse 14<br \/>79713 Bad S\u00e4ckingen<br \/>Telefon: +497761553937<br \/><a href=\"http:\/\/www.altesgefaengnis.de\" target=\"_blank\" rel=\"noreferrer noopener\">www.altesgefaengnis.de<\/a><br \/><a href=\"mailto:mail@altesgefaengnis.de\" target=\"_blank\" rel=\"noreferrer noopener\">mail@altesgefaengnis.de<\/a><\/p>\r\n\r\n\r\n\r\n<p><br \/><strong>Lehrersportgruppe Bad S\u00e4ckingen<\/strong><br \/>Elmar Lechthaler<br \/>79713 Bad S\u00e4ckingen<br \/><a href=\"mailto:lechthaler@scheffelgym.de\" target=\"_blank\" rel=\"noreferrer noopener\">lechthaler@scheffelgym.de<\/a><\/p>\r\n\r\n\r\n\r\n<p>&nbsp;<\/p>\r\n\r\n\r\n\r\n<p><strong>Radlerfreunde Bad S\u00e4ckingen<\/strong><br \/>Rolf Maier<br \/>Ludwig-Herr-Str. 7<br \/>79713 Bad S\u00e4ckingen<br \/><a href=\"http:\/\/www.radlerfreunde.de\" target=\"_blank\" rel=\"noreferrer noopener\">www.radlerfreunde.de<\/a><br \/><a href=\"mailto:rolf.radlerfreunde@online.de\" target=\"_blank\" rel=\"noopener\">rolf.radlerfreunde@online.de<\/a><\/p>\r\n\r\n\r\n\r\n<p>&nbsp;<\/p>\r\n<p><strong>Radsportverein Germania Wallbach<\/strong><br \/>Nicolas Joos<br \/>Waldshuter Stra\u00dfe 64<br \/>79713 Bad S\u00e4ckingen<br \/>Telefon: +4977619266263<br \/><a href=\"http:\/\/www.rsv-wallbach.de\" target=\"_blank\" rel=\"noopener\">www.rsv-wallbach.de<\/a><br \/><a href=\"mailto:vorstand@rsv-wallbach.de\" target=\"_blank\" rel=\"noopener\">vorstand@rsv-wallbach.de<\/a><\/p>\r\n<p><br \/><strong>Radsportverein Trompeter<\/strong><br \/>Ralf Teubler<br \/>Schweikhof 29<br \/>79736 Rickenbach<br \/>Telefon: +4977652899844<br \/><a href=\"http:\/\/www.rsv-trompeter.de\" target=\"_blank\" rel=\"noreferrer noopener\">www.rsv-trompeter.de<\/a><br \/><a href=\"mailto:ralf.teubler@rsv-trompeter.de\" target=\"_blank\" rel=\"noreferrer noopener\">ralf.teubler@rsv-trompeter.de<\/a><\/p>\r\n\r\n\r\n\r\n\r\n\r\n<p><strong><br \/>Ruderclub Bad S\u00e4ckingen<\/strong><br \/>Tilmann Frank<br \/>Hilariusstra\u00dfe 8<br \/>79713 Bad S\u00e4ckingen<br \/>Telefon: +4977612690<br \/><a href=\"http:\/\/www.ruderclub-bad-saeckingen.de\" target=\"_blank\" rel=\"noreferrer noopener\">www.ruderclub-bad-saeckingen.de<\/a><br \/><a href=\"mailto:kontakt@ruderclub-bad-saeckingen.de\" target=\"_blank\" rel=\"noreferrer noopener\">kontakt@ruderclub-bad-saeckingen.de<\/a><\/p>\r\n\r\n\r\n\r\n<p><br \/><strong>Rudolf Eberle Schule<\/strong><br \/>Rippolinger Stra\u00dfe 3<br \/>79713 Bad S\u00e4ckingen<br \/>Telefon: +497761560950<br \/><a href=\"http:\/\/www.rudolf-eberle-schule.de\" target=\"_blank\" rel=\"noreferrer noopener\">www.rudolf-eberle-schule.de<\/a><br \/><a href=\"mailto:verwaltung@rudolf-eberle-schule.de\" target=\"_blank\" rel=\"noreferrer noopener\">verwaltung@rudolf-eberle-schule.de<\/a><\/p>\r\n\r\n\r\n\r\n<p><br \/><strong>Rudolf Graber F\u00f6rderschule<\/strong><br \/>Werderstra\u00dfe 20<br \/>79713 Bad S\u00e4ckingen<br \/>Telefon: +4977616920<br \/><a href=\"http:\/\/www.rudolf-graber-schule.de\" target=\"_blank\" rel=\"noreferrer noopener\">www.rudolf-graber-schule.de<\/a><br \/><a href=\"mailto:info@rudolf-graber-schule.de\" target=\"_blank\" rel=\"noreferrer noopener\">info@rudolf-graber-schule.de<\/a><\/p>\r\n\r\n\r\n\r\n<p><br \/><strong>Scheffel-Gymnasium<\/strong><br \/>Bernd Rieckmann<br \/>Untere Fl\u00fch 4<br \/>79713 Bad S\u00e4ckingen<br \/>Telefon: +497761929830<br \/><a href=\"http:\/\/www.scheffelgym.de\" target=\"_blank\" rel=\"noreferrer noopener\">www.scheffelgym.de<\/a><br \/><a href=\"sekretariat@scheffelgym.de\" target=\"_blank\" rel=\"noreferrer noopener\">sekretariat@scheffelgym.de<\/a><\/p>\r\n\r\n\r\n\r\n<p><br \/><strong>Sch\u00fctzengemeinschaft Bad S\u00e4ckingen<\/strong><br \/>Gaisb\u00fchl 10<br \/>79713 Bad S\u00e4ckingen<br \/><a href=\"http:\/\/www.sg-bad-s\u00e4ckingen.de\" target=\"_blank\" rel=\"noreferrer noopener\">www.sg-bad-s\u00e4ckingen.de<\/a><br \/><br \/><strong>Seniorinnen-Gymnastikgruppe<\/strong><br \/>Friederike Schl\u00f6gl<br \/>Schwyzerweg 30<br \/>79713 Bad S\u00e4ckingen<br \/>Telefon: +4977618299<br \/><a href=\"mailto:frisch60@gmx.de\" target=\"_blank\" rel=\"noreferrer noopener\">frisch60@gmx.de<\/a><\/p>\r\n\r\n\r\n\r\n\r\n\r\n<p><br \/><strong>Ski-Club Bad S\u00e4ckingen<\/strong><br \/>Gartenstra\u00dfe 89<br \/>79713 Bad S\u00e4ckingen<br \/>Telefon: +49776159579<br \/><a href=\"http:\/\/www.sc-bad-saeckingen.de\" target=\"_blank\" rel=\"noreferrer noopener\">www.sc-bad-saeckingen.de<\/a><br \/><a href=\"mailto:1.Vorstand@sc-bad-saeckingen.de\" target=\"_blank\" rel=\"noreferrer noopener\">1.Vorstand@sc-bad-saeckingen.de<\/a><\/p>\r\n\r\n\r\n\r\n<p><strong>SV Obers\u00e4ckingen<\/strong><br \/>Postfach 1128<br \/>79702 Bad S\u00e4ckingen <br \/><a href=\"http:\/\/www.fussball.de\/verein\/sv-obersaeckingen-suedbaden\/-\/id\/00ES8GN9DO0000A7VV0AG08LVUPGND5I#!\/\" target=\"_blank\" rel=\"noreferrer noopener\">Homepage des SV Obers\u00e4ckingen<\/a><br \/><a href=\"mailto:ta_fischer83@yahoo.de\" target=\"_blank\" rel=\"noreferrer noopener\">ta_fischer83@yahoo.de<\/a><\/p>\r\n\r\n\r\n\r\n<p><br \/><strong>Tennis Club Bad S\u00e4ckingen<\/strong><br \/>D\u00fcrerstra\u00dfe 13<br \/>79713 Bad S\u00e4ckingen<br \/>Telefon: +4977616662<br \/><a href=\"http:\/\/www.tc-bad-saeckingen.de\" target=\"_blank\" rel=\"noreferrer noopener\">www.tc-bad-saeckingen.de<\/a><br \/><a href=\"vorstand@tc-bad-saeckingen.de\" target=\"_blank\" rel=\"noreferrer noopener\">vorstand@tc-bad-saeckingen.de<\/a><\/p>\r\n\r\n\r\n\r\n<p><br \/><strong>Tennis Club Harpolingen<\/strong><br \/>Bernd Schirmer<br \/>Gassweg 1<br \/>79713 Bad S\u00e4ckingen<br \/>Telefon: +497763704444<\/p>\r\n\r\n\r\n\r\n<p><br \/><strong>Turngruppe Obers\u00e4ckingen<\/strong><br \/>Monika Wolf<br \/>Eglerstrasse 2\/1<br \/>79730 Murg<br \/>Telefon: +4977638997<br \/><a href=\"mailto:molowolf@gmx.de\" target=\"_blank\" rel=\"noreferrer noopener\">molowolf@gmx.de<\/a><\/p>\r\n\r\n\r\n\r\n<p><br \/><strong>TV Bad S\u00e4ckingen 1881 e.V.<\/strong><br \/>Elke Kaiser<br \/>Uhlandstra\u00dfe 13<br \/>79713 Bad S\u00e4ckingen<br \/>Telefon: +4977613538<br \/><a href=\"http:\/\/www.tvbadsaeckingen.de\" target=\"_blank\" rel=\"noreferrer noopener\">www.tvbadsaeckingen.de<\/a><br \/><a href=\"mailto:gs@tvbadsaeckingen.de\" target=\"_blank\" rel=\"noreferrer noopener\">gs@tvbadsaeckingen.de<\/a><\/p>\r\n\r\n\r\n\r\n<p><br \/><strong>TV Bad S\u00e4ckingen, Abt. Aikido<\/strong><br \/>Helmtrud Finger<br \/>Am Dorfbach 18<br \/>79713 Bad S\u00e4ckingen<br \/><a href=\"http:\/\/www.aikidoweb.de\" target=\"_blank\" rel=\"noreferrer noopener\">www.aikidoweb.de<\/a><br \/><a href=\"mailto:vorstand@aikidoweb.de\" target=\"_blank\" rel=\"noreferrer noopener\">vorstand@aikidoweb.de<\/a><\/p>\r\n\r\n\r\n\r\n<p><br \/><strong>TV Bad S\u00e4ckingen, Abt. Badminton<\/strong><br \/>Markus Zeoli<br \/>R\u00fctistrasse 30A<br \/>CH &#8211; 4332 Stein AG<br \/><a href=\"http:\/\/www.badminton-saeckingen.de\" target=\"_blank\" rel=\"noreferrer noopener\">www.badminton-saeckingen.de<\/a><br \/><a href=\"mailto:kontakt@badminton-saeckingen.de\" target=\"_blank\" rel=\"noreferrer noopener\">kontakt@badminton-saeckingen.de<\/a><\/p>\r\n\r\n\r\n\r\n<p><br \/><strong>TV Bad S\u00e4ckingen, Abt. Basketball<\/strong><br \/>Felix Karl Kromer<br \/>Lindenmatten 17<br \/>79713 Bad S\u00e4ckingen<br \/>Telefon: +4977611739<br \/><a href=\"http:\/\/www.saeckingen-basket.de\" target=\"_blank\" rel=\"noreferrer noopener\">www.saeckingen-basket.de<\/a><br \/><a href=\"mailto:info@saeckingen-basket.de\" target=\"_blank\" rel=\"noreferrer noopener\">info@saeckingen-basket.de<\/a><\/p>\r\n\r\n\r\n\r\n<p><br \/><strong>TV Bad S\u00e4ckingen, Abt. Herzsport<\/strong><br \/>Nathalie Strittmatter<br \/>79713 Bad S\u00e4ckingen<br \/><a href=\"http:\/\/www.tvbadsaeckingen.de\/herzsport\" target=\"_blank\" rel=\"noreferrer noopener\">www.tvbadsaeckingen.de\/herzsport<\/a><br \/><a href=\"mailto:herzsport@tvbadsaeckingen.de\" target=\"_blank\" rel=\"noreferrer noopener\">herzsport@tvbadsaeckingen.de<\/a><\/p>\r\n\r\n\r\n\r\n<p><br \/><strong>TV Bad S\u00e4ckingen, Abt. Leichtathletik<\/strong><br \/>Raimund Huber<br \/>Obere Fl\u00fch 40<br \/>79713 Bad S\u00e4ckingen<br \/>Telefon: +4977614564<br \/><a href=\"http:\/\/tv-bad-saeckingen-leichtathletik.de\" target=\"_blank\" rel=\"noreferrer noopener\">http:\/\/tv-bad-saeckingen-leichtathletik.de<\/a><br \/><a href=\"mailto:info@tv-bad-saeckingen-leichtathletik.de\" target=\"_blank\" rel=\"noreferrer noopener\">info@tv-bad-saeckingen-leichtathletik.de<\/a><\/p>\r\n\r\n\r\n\r\n<p><strong>TV Bad S\u00e4ckingen, Abt. Turnen<\/strong><br \/>Heidi Hausin<br \/>Z\u00e4hringer Stra\u00dfe 7<br \/>79713 Bad S\u00e4ckingen<br \/>Telefon: +49776157173<br \/><a href=\"https:\/\/www.turnen-tvbadsaeckingen.de\/\" target=\"_blank\" rel=\"noreferrer noopener\">https:\/\/www.turnen-tvbadsaeckingen.de\/<\/a><br \/><a href=\"mailto:vorstand@turnen-tvbadsaeckingen.de\" target=\"_blank\" rel=\"noreferrer noopener\">vorstand@turnen-tvbadsaeckingen.de<\/a><\/p>\r\n\r\n\r\n\r\n<p><br \/><strong>TV Bad S\u00e4ckingen, Abt. Volleyball<\/strong><br \/>Susanne Krauss<br \/>Hauptstra\u00dfe 143<br \/>79713 Bad S\u00e4ckingen<br \/>Telefon: +4977615595941<br \/><a href=\"http:\/\/www.saeckingen-volley.de\" target=\"_blank\" rel=\"noreferrer noopener\">www.saeckingen-volley.de<\/a><br \/><a href=\"mailto:kontakt@saeckingen-volley.de\" target=\"_blank\" rel=\"noreferrer noopener\">kontakt@saeckingen-volley.de<\/a><\/p>\r\n\r\n\r\n\r\n<p><br \/><strong>Volkshochschule<\/strong><br \/>Friedrichstra\u00dfe 33<br \/>79713 Bad S\u00e4ckingen<br \/>Telefon: +4977612101<br \/><a href=\"https:\/\/www.bsvhs.de\/\" target=\"_blank\" rel=\"noreferrer noopener\">https:\/\/www.bsvhs.de\/<\/a><br \/><a href=\"mailto:verwaltung@vhs-bad-saeckingen.de\" target=\"_blank\" rel=\"noreferrer noopener\">verwaltung@vhs-bad-saeckingen.de<\/a><\/p>\r\n\r\n\r\n\r\n<p><br \/><strong>Weihermatten Grundschule<\/strong><br \/>D\u00fcrerstra\u00dfe 11<br \/>79713 Bad S\u00e4ckingen<br \/>Telefon: +4977612264<br \/><a href=\"http:\/\/www.weihermattenschule.de\" target=\"_blank\" rel=\"noreferrer noopener\">www.weihermattenschule.de<\/a><br \/><a href=\"mailto:weihermattenschule@bad-saeckingen.de\" target=\"_blank\" rel=\"noreferrer noopener\">weihermattenschule@bad-saeckingen.de<\/a><\/p>\r\n\r\n\r\n\r\n<p><br \/><strong>Werner Kirchhofer Realschule<\/strong><br \/>Z\u00e4hringer Stra\u00dfe 28<br \/>79713 Bad S\u00e4ckingen<br \/>Telefon: +4977612362<br \/><a href=\"http:\/\/www.werner-kirchhofer-realschule.de\" target=\"_blank\" rel=\"noreferrer noopener\">www.werner-kirchhofer-realschule.de<\/a><br \/><a href=\"mailto:Ricarda.Hellmann@wkrs-bs.de\" target=\"_blank\" rel=\"noreferrer noopener\">Ricarda.Hellmann@wkrs-bs.de<\/a><\/p>\r\n\r\n\r\n\r\n<p><br \/><strong>Zirkus Papperlapapp<\/strong><br \/>Michael Koubik<br \/>Weihermatten 42<br \/>79713 Bad S\u00e4ckingen<br \/>Telefon: +497761936551<br \/><a href=\"http:\/\/www.zirkus-papperlapapp.de\" target=\"_blank\" rel=\"noreferrer noopener\">www.zirkus-papperlapapp.de<\/a><br \/><a href=\"mailto:info@zirkus-papperlapapp.de\" target=\"_blank\" rel=\"noreferrer noopener\">info@zirkus-papperlapapp.de<\/a><\/p>\r\n","protected":false},"excerpt":{"rendered":"<p>Mitgliederliste Vereine und Schulen in Bad S\u00e4ckingen Stand vom: 27.02.2024 als pdf-Datei zum Download Kontaktperson beimSportausschuss Bad S\u00e4ckingen e.V.Felix Karl KromerLindenmatten 1779713 Bad S\u00e4ckingenTelefon: +49 7761 1739Mobil: +49 171 573 27 17felix.kromer@saeckingen-sport.deWeb: www.saeckingen-sport.de Anton-Leo GrundschuleSchulhausstra\u00dfe 179713 Bad S\u00e4ckingenTelefon: +4977612263http:\/\/www.anton-leo-schule.deinfo@anton-leo-schule.de Automobilclub Bad S\u00e4ckingenGustav AlbiezH\u00fcssystra\u00dfe 979730 MurgTelefon: +4977633992www.ac-bad-saeckingen.deinfo1@ac-bad-saeckingen.de Bob- und Rodelclub HochrheinThomas KaiserIm D\u00f6rfle 1779664 WehrTelefon: +4977627669R.Betzing@WEB.de &hellip; <\/p>\n<p class=\"link-more\"><a href=\"https:\/\/saeckingen-sport.de\/?page_id=98\" class=\"more-link\"><span class=\"screen-reader-text\">\u201eSportausschuss Bad S\u00e4ckingen\u201c <\/span>weiterlesen<\/a><\/p>\n","protected":false},"author":1,"featured_media":0,"parent":0,"menu_order":0,"comment_status":"closed","ping_status":"closed","template":"","meta":{"footnotes":""},"class_list":["post-98","page","type-page","status-publish","hentry","entry"],"_links":{"self":[{"href":"https:\/\/saeckingen-sport.de\/index.php?rest_route=\/wp\/v2\/pages\/98","targetHints":{"allow":["GET"]}}],"collection":[{"href":"https:\/\/saeckingen-sport.de\/index.php?rest_route=\/wp\/v2\/pages"}],"about":[{"href":"https:\/\/saeckingen-sport.de\/index.php?rest_route=\/wp\/v2\/types\/page"}],"author":[{"embeddable":true,"href":"https:\/\/saeckingen-sport.de\/index.php?rest_route=\/wp\/v2\/users\/1"}],"replies":[{"embeddable":true,"href":"https:\/\/saeckingen-sport.de\/index.php?rest_route=%2Fwp%2Fv2%2Fcomments&post=98"}],"version-history":[{"count":30,"href":"https:\/\/saeckingen-sport.de\/index.php?rest_route=\/wp\/v2\/pages\/98\/revisions"}],"predecessor-version":[{"id":560,"href":"https:\/\/saeckingen-sport.de\/index.php?rest_route=\/wp\/v2\/pages\/98\/revisions\/560"}],"wp:attachment":[{"href":"https:\/\/saeckingen-sport.de\/index.php?rest_route=%2Fwp%2Fv2%2Fmedia&parent=98"}],"curies":[{"name":"wp","href":"https:\/\/api.w.org\/{rel}","templated":true}]}}