{"id":39,"date":"2021-02-27T13:43:10","date_gmt":"2021-02-27T12:43:10","guid":{"rendered":"http:\/\/saeckingen-sport.de\/?page_id=39"},"modified":"2021-02-27T13:43:10","modified_gmt":"2021-02-27T12:43:10","slug":"impressum","status":"publish","type":"page","link":"https:\/\/saeckingen-sport.de\/?page_id=39","title":{"rendered":"Impressum"},"content":{"rendered":"\n<p><strong>Sportausschuss Bad S\u00e4ckingen<\/strong><br>Felix Karl Kromer<br>1. Vorsitzender<br>Lindenmatten 17<br>D-79713 Bad S\u00e4ckingen<br><em><strong><a rel=\"noreferrer noopener\" href=\"mailto:felix.kromer@saeckingen-sport.de\" data-type=\"mailto\" data-id=\"mailto:felix.kromer@saeckingen-sport.de\" target=\"_blank\">Mail an Felix Kromer<\/a><\/strong><\/em><\/p>\n\n\n\n<p><strong>Erstellung und Wartung der Homepage:<\/strong><br>Bernhard Griesser<em><br><\/em>2. Vorsitzender des Sportausschusses<br>Rheinbr\u00fcckstr. 17<br>79713 Bad S\u00e4ckingen<br><em><strong><a rel=\"noreferrer noopener\" href=\"mailto:bernhard.griesser@saeckingen-sport.de\" data-type=\"mailto\" data-id=\"mailto:bernhard.griesser@saeckingen-sport.de\" target=\"_blank\">Mail an Bernhard Griesser<\/a><\/strong><\/em><\/p>\n\n\n\n<p><strong>Verwendung von Cookies:<\/strong><br>Um unsere Website f\u00fcr Sie optimal zu gestalten und fortlaufend verbessern zu k\u00f6nnen, verwenden wir Cookies. Durch die Nutzung der Website stimmen Sie der Verwendung von Cookies zu.<\/p>\n\n\n\n<p><strong>Datenschutzerkl\u00e4rung:<\/strong><br>Durch die Nutzung unserer Website erkl\u00e4ren Sie sich mit der Erhebung, Verarbeitung und Nutzung von Daten gem\u00e4\u00df der nachfolgenden Beschreibung einverstanden. Unsere Website kann grunds\u00e4tzlich ohne Registrierung besucht werden. Dabei werden Daten wie beispielsweise aufgerufene Seiten bzw. Namen der abgerufenen Datei, Datum und Uhrzeit zu statistischen Zwecken auf dem Server gespeichert, ohne dass diese Daten unmittelbar auf Ihre Person bezogen werden. Personenbezogene Daten, insbesondere Name, Adresse oder E-Mail-Adresse werden soweit m\u00f6glich auf freiwilliger Basis erhoben. Ohne Ihre Einwilligung erfolgt keine Weitergabe der Daten an Dritte.<\/p>\n\n\n\n<p><strong>Haftungsausschluss<\/strong>:<br><strong>1. Haftungsbeschr\u00e4nkung<\/strong><br>Die Inhalte dieser Webseite werden mit gr\u00f6\u00dftm\u00f6glicher Sorgfalt erstellt. Der Anbieter \u00fcbernimmt jedoch keine Gew\u00e4hr f\u00fcr die Richtigkeit, Vollst\u00e4ndigkeit und Aktualit\u00e4t der bereitgestellten Inhalte. Die Nutzung der Inhalte der Webseite erfolgt auf eigene Gefahr des Nutzers.<br><strong>2. Externe Links<\/strong><br>Diese Webseite enth\u00e4lt Verkn\u00fcpfungen zu Webseiten Dritter (&#8222;externe Links&#8220;). Diese Webseiten unterliegen der Haftung der jeweiligen Betreiber. Der Anbieter hat keinerlei Einfluss auf die aktuelle und zuk\u00fcnftige Gestaltung und auf die Inhalte der verkn\u00fcpften Seiten.<\/p>\n","protected":false},"excerpt":{"rendered":"<p>Sportausschuss Bad S\u00e4ckingenFelix Karl Kromer1. VorsitzenderLindenmatten 17D-79713 Bad S\u00e4ckingenMail an Felix Kromer Erstellung und Wartung der Homepage:Bernhard Griesser2. Vorsitzender des SportausschussesRheinbr\u00fcckstr. 1779713 Bad S\u00e4ckingenMail an Bernhard Griesser Verwendung von Cookies:Um unsere Website f\u00fcr Sie optimal zu gestalten und fortlaufend verbessern zu k\u00f6nnen, verwenden wir Cookies. Durch die Nutzung der Website stimmen Sie der Verwendung von &hellip; <\/p>\n<p class=\"link-more\"><a href=\"https:\/\/saeckingen-sport.de\/?page_id=39\" class=\"more-link\"><span class=\"screen-reader-text\">\u201eImpressum\u201c <\/span>weiterlesen<\/a><\/p>\n","protected":false},"author":1,"featured_media":0,"parent":0,"menu_order":0,"comment_status":"closed","ping_status":"closed","template":"","meta":{"footnotes":""},"class_list":["post-39","page","type-page","status-publish","hentry","entry"],"_links":{"self":[{"href":"https:\/\/saeckingen-sport.de\/index.php?rest_route=\/wp\/v2\/pages\/39","targetHints":{"allow":["GET"]}}],"collection":[{"href":"https:\/\/saeckingen-sport.de\/index.php?rest_route=\/wp\/v2\/pages"}],"about":[{"href":"https:\/\/saeckingen-sport.de\/index.php?rest_route=\/wp\/v2\/types\/page"}],"author":[{"embeddable":true,"href":"https:\/\/saeckingen-sport.de\/index.php?rest_route=\/wp\/v2\/users\/1"}],"replies":[{"embeddable":true,"href":"https:\/\/saeckingen-sport.de\/index.php?rest_route=%2Fwp%2Fv2%2Fcomments&post=39"}],"version-history":[{"count":15,"href":"https:\/\/saeckingen-sport.de\/index.php?rest_route=\/wp\/v2\/pages\/39\/revisions"}],"predecessor-version":[{"id":248,"href":"https:\/\/saeckingen-sport.de\/index.php?rest_route=\/wp\/v2\/pages\/39\/revisions\/248"}],"wp:attachment":[{"href":"https:\/\/saeckingen-sport.de\/index.php?rest_route=%2Fwp%2Fv2%2Fmedia&parent=39"}],"curies":[{"name":"wp","href":"https:\/\/api.w.org\/{rel}","templated":true}]}}