{"id":354,"date":"2021-06-12T10:02:22","date_gmt":"2021-06-12T09:02:22","guid":{"rendered":"https:\/\/saeckingen-sport.de\/?page_id=354"},"modified":"2021-06-12T10:07:59","modified_gmt":"2021-06-12T09:07:59","slug":"satzung-2","status":"publish","type":"page","link":"https:\/\/saeckingen-sport.de\/?page_id=354","title":{"rendered":"Satzung"},"content":{"rendered":"\n<p style=\"font-size:24px\"><strong><a href=\"https:\/\/saeckingen-sport.de\/wp-content\/uploads\/2021\/03\/2021-03-08_Satzung.pdf\" data-type=\"URL\" data-id=\"https:\/\/saeckingen-sport.de\/wp-content\/uploads\/2021\/03\/2021-03-08_Satzung.pdf\" target=\"_blank\" rel=\"noreferrer noopener\">Die Satzung des Sportausschusses Bad S\u00e4ckingen e. V.<\/a><\/strong><\/p>\n\n\n\n<p>Diese Satzung wurde in der Mitgliederversammlung am 8. M\u00e4rz 2021 angenommen und beschlossen. Sie ersetzt die Fassung vom 12. M\u00e4rz 1969, ge\u00e4ndert am 14. M\u00e4rz 1999, zuletzt ge\u00e4ndert am 20. M\u00e4rz 2000.<\/p>\n","protected":false},"excerpt":{"rendered":"<p>Die Satzung des Sportausschusses Bad S\u00e4ckingen e. V. Diese Satzung wurde in der Mitgliederversammlung am 8. M\u00e4rz 2021 angenommen und beschlossen. Sie ersetzt die Fassung vom 12. M\u00e4rz 1969, ge\u00e4ndert am 14. M\u00e4rz 1999, zuletzt ge\u00e4ndert am 20. M\u00e4rz 2000.<\/p>\n","protected":false},"author":1,"featured_media":0,"parent":0,"menu_order":0,"comment_status":"closed","ping_status":"closed","template":"","meta":{"footnotes":""},"class_list":["post-354","page","type-page","status-publish","hentry","entry"],"_links":{"self":[{"href":"https:\/\/saeckingen-sport.de\/index.php?rest_route=\/wp\/v2\/pages\/354","targetHints":{"allow":["GET"]}}],"collection":[{"href":"https:\/\/saeckingen-sport.de\/index.php?rest_route=\/wp\/v2\/pages"}],"about":[{"href":"https:\/\/saeckingen-sport.de\/index.php?rest_route=\/wp\/v2\/types\/page"}],"author":[{"embeddable":true,"href":"https:\/\/saeckingen-sport.de\/index.php?rest_route=\/wp\/v2\/users\/1"}],"replies":[{"embeddable":true,"href":"https:\/\/saeckingen-sport.de\/index.php?rest_route=%2Fwp%2Fv2%2Fcomments&post=354"}],"version-history":[{"count":3,"href":"https:\/\/saeckingen-sport.de\/index.php?rest_route=\/wp\/v2\/pages\/354\/revisions"}],"predecessor-version":[{"id":357,"href":"https:\/\/saeckingen-sport.de\/index.php?rest_route=\/wp\/v2\/pages\/354\/revisions\/357"}],"wp:attachment":[{"href":"https:\/\/saeckingen-sport.de\/index.php?rest_route=%2Fwp%2Fv2%2Fmedia&parent=354"}],"curies":[{"name":"wp","href":"https:\/\/api.w.org\/{rel}","templated":true}]}}